{"id":134,"date":"2024-11-05T19:22:12","date_gmt":"2024-11-05T18:22:12","guid":{"rendered":"https:\/\/staging.gartenbau-dorsten.de\/?page_id=134"},"modified":"2024-11-07T17:03:21","modified_gmt":"2024-11-07T16:03:21","slug":"wald-und-forstarbeiten","status":"publish","type":"page","link":"https:\/\/staging.gartenbau-dorsten.de\/?page_id=134","title":{"rendered":"Wald- und Forstarbeiten"},"content":{"rendered":"\t\t<div data-elementor-type=\"wp-page\" data-elementor-id=\"134\" class=\"elementor elementor-134\">\n\t\t\t\t<div class=\"elementor-element elementor-element-356b4de e-flex e-con-boxed e-con e-parent\" data-id=\"356b4de\" data-element_type=\"container\" data-e-type=\"container\">\n\t\t\t\t\t<div class=\"e-con-inner\">\n\t\t<div class=\"elementor-element elementor-element-19d5595 e-con-full e-flex e-con e-child\" data-id=\"19d5595\" data-element_type=\"container\" data-e-type=\"container\">\n\t\t<div class=\"elementor-element elementor-element-2827e98 e-con-full e-flex e-con e-child\" data-id=\"2827e98\" data-element_type=\"container\" data-e-type=\"container\">\n\t\t\t\t<div class=\"elementor-element elementor-element-c654185 elementor-widget elementor-widget-heading\" data-id=\"c654185\" data-element_type=\"widget\" data-e-type=\"widget\" data-widget_type=\"heading.default\">\n\t\t\t\t<div class=\"elementor-widget-container\">\n\t\t\t\t\t<h2 class=\"elementor-heading-title elementor-size-default\">Wald- und Forstarbeiten<\/h2>\t\t\t\t<\/div>\n\t\t\t\t<\/div>\n\t\t\t\t<div class=\"elementor-element elementor-element-25ffc2d elementor-widget elementor-widget-text-editor\" data-id=\"25ffc2d\" data-element_type=\"widget\" data-e-type=\"widget\" data-widget_type=\"text-editor.default\">\n\t\t\t\t<div class=\"elementor-widget-container\">\n\t\t\t\t\t\t\t\t\t<div id=\"wp-block-themeisle-blocks-advanced-columns-8b3d70e5\" class=\"wp-block-themeisle-blocks-advanced-columns has-1-columns has-desktop-equal-layout has-tablet-equal-layout has-mobile-equal-layout has-vertical-unset\"><div class=\"innerblocks-wrap\"><div id=\"wp-block-themeisle-blocks-advanced-column-7eaddc82\" class=\"wp-block-themeisle-blocks-advanced-column\"><p>Wir bewirtschaften Ihren Wald!<\/p><p>Waldbesitzer sind nach den Bundes- und Landeswaldgesetzen dazu verpflichtet, Ihre W\u00e4lder \u201eordnungsgem\u00e4\u00df und nachhaltig\u201c (\u00a710 Bundeswaldgesetz) zu bewirtschaften. Wir sorgen mit Ihnen nicht nur f\u00fcr die Funktion Ihres Waldes als Rohstoffquelle, sondern schaffen auch die Grundlage f\u00fcr den Arten-, Boden-, Klima-, und Wasserschutz sowie f\u00fcr Freizeit und Erholung.<\/p><\/div><\/div><\/div>\t\t\t\t\t\t\t\t<\/div>\n\t\t\t\t<\/div>\n\t\t\t\t<\/div>\n\t\t<div class=\"elementor-element elementor-element-749f40b e-con-full e-flex e-con e-child\" data-id=\"749f40b\" data-element_type=\"container\" data-e-type=\"container\">\n\t\t\t\t<div class=\"elementor-element elementor-element-93eb45e elementor-widget elementor-widget-image\" data-id=\"93eb45e\" data-element_type=\"widget\" data-e-type=\"widget\" data-widget_type=\"image.default\">\n\t\t\t\t<div class=\"elementor-widget-container\">\n\t\t\t\t\t\t\t\t\t\t\t\t\t\t\t<img decoding=\"async\" width=\"102\" height=\"80\" src=\"https:\/\/staging.gartenbau-dorsten.de\/wp-content\/uploads\/2024\/11\/cropped-WP_Logo_Wolfgang-Tewes-1.png\" class=\"attachment-thumbnail size-thumbnail wp-image-71\" alt=\"\" \/>\t\t\t\t\t\t\t\t\t\t\t\t\t\t\t<\/div>\n\t\t\t\t<\/div>\n\t\t\t\t<\/div>\n\t\t\t\t<\/div>\n\t\t<div class=\"elementor-element elementor-element-deb5990 e-con-full e-flex e-con e-child\" data-id=\"deb5990\" data-element_type=\"container\" data-e-type=\"container\">\n\t\t<div class=\"elementor-element elementor-element-aa20ad7 e-con-full e-flex e-con e-child\" data-id=\"aa20ad7\" data-element_type=\"container\" data-e-type=\"container\">\n\t\t\t\t<div class=\"elementor-element elementor-element-302e705 elementor-icon-list--layout-traditional elementor-list-item-link-full_width elementor-widget elementor-widget-icon-list\" data-id=\"302e705\" data-element_type=\"widget\" data-e-type=\"widget\" data-widget_type=\"icon-list.default\">\n\t\t\t\t<div class=\"elementor-widget-container\">\n\t\t\t\t\t\t\t<ul class=\"elementor-icon-list-items\">\n\t\t\t\t\t\t\t<li class=\"elementor-icon-list-item\">\n\t\t\t\t\t\t\t\t\t\t\t<span class=\"elementor-icon-list-icon\">\n\t\t\t\t\t\t\t<svg aria-hidden=\"true\" class=\"e-font-icon-svg e-fas-leaf\" viewBox=\"0 0 576 512\" xmlns=\"http:\/\/www.w3.org\/2000\/svg\"><path d=\"M546.2 9.7c-5.6-12.5-21.6-13-28.3-1.2C486.9 62.4 431.4 96 368 96h-80C182 96 96 182 96 288c0 7 .8 13.7 1.5 20.5C161.3 262.8 253.4 224 384 224c8.8 0 16 7.2 16 16s-7.2 16-16 16C132.6 256 26 410.1 2.4 468c-6.6 16.3 1.2 34.9 17.5 41.6 16.4 6.8 35-1.1 41.8-17.3 1.5-3.6 20.9-47.9 71.9-90.6 32.4 43.9 94 85.8 174.9 77.2C465.5 467.5 576 326.7 576 154.3c0-50.2-10.8-102.2-29.8-144.6z\"><\/path><\/svg>\t\t\t\t\t\t<\/span>\n\t\t\t\t\t\t\t\t\t\t<span class=\"elementor-icon-list-text\">zielorientierte Planung der Bewirtschaftung<\/span>\n\t\t\t\t\t\t\t\t\t<\/li>\n\t\t\t\t\t\t\t\t<li class=\"elementor-icon-list-item\">\n\t\t\t\t\t\t\t\t\t\t\t<span class=\"elementor-icon-list-icon\">\n\t\t\t\t\t\t\t<svg aria-hidden=\"true\" class=\"e-font-icon-svg e-fas-leaf\" viewBox=\"0 0 576 512\" xmlns=\"http:\/\/www.w3.org\/2000\/svg\"><path d=\"M546.2 9.7c-5.6-12.5-21.6-13-28.3-1.2C486.9 62.4 431.4 96 368 96h-80C182 96 96 182 96 288c0 7 .8 13.7 1.5 20.5C161.3 262.8 253.4 224 384 224c8.8 0 16 7.2 16 16s-7.2 16-16 16C132.6 256 26 410.1 2.4 468c-6.6 16.3 1.2 34.9 17.5 41.6 16.4 6.8 35-1.1 41.8-17.3 1.5-3.6 20.9-47.9 71.9-90.6 32.4 43.9 94 85.8 174.9 77.2C465.5 467.5 576 326.7 576 154.3c0-50.2-10.8-102.2-29.8-144.6z\"><\/path><\/svg>\t\t\t\t\t\t<\/span>\n\t\t\t\t\t\t\t\t\t\t<span class=\"elementor-icon-list-text\">Umsetzungen im Bereich von Erneuerungen\/ Aufforstungen<\/span>\n\t\t\t\t\t\t\t\t\t<\/li>\n\t\t\t\t\t\t\t\t<li class=\"elementor-icon-list-item\">\n\t\t\t\t\t\t\t\t\t\t\t<span class=\"elementor-icon-list-icon\">\n\t\t\t\t\t\t\t<svg aria-hidden=\"true\" class=\"e-font-icon-svg e-fas-leaf\" viewBox=\"0 0 576 512\" xmlns=\"http:\/\/www.w3.org\/2000\/svg\"><path d=\"M546.2 9.7c-5.6-12.5-21.6-13-28.3-1.2C486.9 62.4 431.4 96 368 96h-80C182 96 96 182 96 288c0 7 .8 13.7 1.5 20.5C161.3 262.8 253.4 224 384 224c8.8 0 16 7.2 16 16s-7.2 16-16 16C132.6 256 26 410.1 2.4 468c-6.6 16.3 1.2 34.9 17.5 41.6 16.4 6.8 35-1.1 41.8-17.3 1.5-3.6 20.9-47.9 71.9-90.6 32.4 43.9 94 85.8 174.9 77.2C465.5 467.5 576 326.7 576 154.3c0-50.2-10.8-102.2-29.8-144.6z\"><\/path><\/svg>\t\t\t\t\t\t<\/span>\n\t\t\t\t\t\t\t\t\t\t<span class=\"elementor-icon-list-text\">Pflege und Sanierung von Wald\u00f6kosystemen<\/span>\n\t\t\t\t\t\t\t\t\t<\/li>\n\t\t\t\t\t\t\t\t<li class=\"elementor-icon-list-item\">\n\t\t\t\t\t\t\t\t\t\t\t<span class=\"elementor-icon-list-icon\">\n\t\t\t\t\t\t\t<svg aria-hidden=\"true\" class=\"e-font-icon-svg e-fas-leaf\" viewBox=\"0 0 576 512\" xmlns=\"http:\/\/www.w3.org\/2000\/svg\"><path d=\"M546.2 9.7c-5.6-12.5-21.6-13-28.3-1.2C486.9 62.4 431.4 96 368 96h-80C182 96 96 182 96 288c0 7 .8 13.7 1.5 20.5C161.3 262.8 253.4 224 384 224c8.8 0 16 7.2 16 16s-7.2 16-16 16C132.6 256 26 410.1 2.4 468c-6.6 16.3 1.2 34.9 17.5 41.6 16.4 6.8 35-1.1 41.8-17.3 1.5-3.6 20.9-47.9 71.9-90.6 32.4 43.9 94 85.8 174.9 77.2C465.5 467.5 576 326.7 576 154.3c0-50.2-10.8-102.2-29.8-144.6z\"><\/path><\/svg>\t\t\t\t\t\t<\/span>\n\t\t\t\t\t\t\t\t\t\t<span class=\"elementor-icon-list-text\">Waldwegebau und Sicherung der Wege<\/span>\n\t\t\t\t\t\t\t\t\t<\/li>\n\t\t\t\t\t\t<\/ul>\n\t\t\t\t\t\t<\/div>\n\t\t\t\t<\/div>\n\t\t\t\t<\/div>\n\t\t<div class=\"elementor-element elementor-element-0a2a6d2 e-con-full e-flex e-con e-child\" data-id=\"0a2a6d2\" data-element_type=\"container\" data-e-type=\"container\">\n\t\t\t\t<div class=\"elementor-element elementor-element-7d3c246 elementor-widget elementor-widget-image\" data-id=\"7d3c246\" data-element_type=\"widget\" data-e-type=\"widget\" data-widget_type=\"image.default\">\n\t\t\t\t<div class=\"elementor-widget-container\">\n\t\t\t\t\t\t\t\t\t\t\t\t\t\t\t\t<a href=\"https:\/\/staging.gartenbau-dorsten.de\/wp-content\/uploads\/2024\/11\/IMG_2410-min-scaled-1.jpg\" data-elementor-open-lightbox=\"yes\" data-elementor-lightbox-title=\"IMG_2410-min-scaled\" data-e-action-hash=\"#elementor-action%3Aaction%3Dlightbox%26settings%3DeyJpZCI6MjYsInVybCI6Imh0dHBzOlwvXC9zdGFnaW5nLmdhcnRlbmJhdS1kb3JzdGVuLmRlXC93cC1jb250ZW50XC91cGxvYWRzXC8yMDI0XC8xMVwvSU1HXzI0MTAtbWluLXNjYWxlZC0xLmpwZyJ9\">\n\t\t\t\t\t\t\t<img fetchpriority=\"high\" decoding=\"async\" width=\"1024\" height=\"768\" src=\"https:\/\/staging.gartenbau-dorsten.de\/wp-content\/uploads\/2024\/11\/IMG_2410-min-scaled-1-1024x768.jpg\" class=\"elementor-animation-grow-rotate attachment-large size-large wp-image-26\" alt=\"\" srcset=\"https:\/\/staging.gartenbau-dorsten.de\/wp-content\/uploads\/2024\/11\/IMG_2410-min-scaled-1-1024x768.jpg 1024w, https:\/\/staging.gartenbau-dorsten.de\/wp-content\/uploads\/2024\/11\/IMG_2410-min-scaled-1-300x225.jpg 300w, https:\/\/staging.gartenbau-dorsten.de\/wp-content\/uploads\/2024\/11\/IMG_2410-min-scaled-1-768x576.jpg 768w, https:\/\/staging.gartenbau-dorsten.de\/wp-content\/uploads\/2024\/11\/IMG_2410-min-scaled-1-1536x1152.jpg 1536w, https:\/\/staging.gartenbau-dorsten.de\/wp-content\/uploads\/2024\/11\/IMG_2410-min-scaled-1-2048x1536.jpg 2048w\" sizes=\"(max-width: 1024px) 100vw, 1024px\" \/>\t\t\t\t\t\t\t\t<\/a>\n\t\t\t\t\t\t\t\t\t\t\t\t\t\t\t<\/div>\n\t\t\t\t<\/div>\n\t\t\t\t<div class=\"elementor-element elementor-element-fef4af4 elementor-widget elementor-widget-image\" data-id=\"fef4af4\" data-element_type=\"widget\" data-e-type=\"widget\" data-widget_type=\"image.default\">\n\t\t\t\t<div class=\"elementor-widget-container\">\n\t\t\t\t\t\t\t\t\t\t\t\t\t\t\t\t<a href=\"https:\/\/staging.gartenbau-dorsten.de\/wp-content\/uploads\/2024\/11\/19_Baumfaellung-Gartenbau-Tewes-1.jpg\" data-elementor-open-lightbox=\"yes\" data-elementor-lightbox-title=\"19_Baumfaellung-Gartenbau-Tewes-1\" data-e-action-hash=\"#elementor-action%3Aaction%3Dlightbox%26settings%3DeyJpZCI6MTIsInVybCI6Imh0dHBzOlwvXC9zdGFnaW5nLmdhcnRlbmJhdS1kb3JzdGVuLmRlXC93cC1jb250ZW50XC91cGxvYWRzXC8yMDI0XC8xMVwvMTlfQmF1bWZhZWxsdW5nLUdhcnRlbmJhdS1UZXdlcy0xLmpwZyJ9\">\n\t\t\t\t\t\t\t<img decoding=\"async\" width=\"800\" height=\"532\" src=\"https:\/\/staging.gartenbau-dorsten.de\/wp-content\/uploads\/2024\/11\/19_Baumfaellung-Gartenbau-Tewes-1.jpg\" class=\"elementor-animation-grow-rotate attachment-large size-large wp-image-12\" alt=\"\" srcset=\"https:\/\/staging.gartenbau-dorsten.de\/wp-content\/uploads\/2024\/11\/19_Baumfaellung-Gartenbau-Tewes-1.jpg 800w, https:\/\/staging.gartenbau-dorsten.de\/wp-content\/uploads\/2024\/11\/19_Baumfaellung-Gartenbau-Tewes-1-300x200.jpg 300w, https:\/\/staging.gartenbau-dorsten.de\/wp-content\/uploads\/2024\/11\/19_Baumfaellung-Gartenbau-Tewes-1-768x511.jpg 768w\" sizes=\"(max-width: 800px) 100vw, 800px\" \/>\t\t\t\t\t\t\t\t<\/a>\n\t\t\t\t\t\t\t\t\t\t\t\t\t\t\t<\/div>\n\t\t\t\t<\/div>\n\t\t\t\t<\/div>\n\t\t\t\t<\/div>\n\t\t\t\t<div class=\"elementor-element elementor-element-92d68ae elementor-widget elementor-widget-text-editor\" data-id=\"92d68ae\" data-element_type=\"widget\" data-e-type=\"widget\" data-widget_type=\"text-editor.default\">\n\t\t\t\t<div class=\"elementor-widget-container\">\n\t\t\t\t\t\t\t\t\t<p>Gemeinsam finden wir passende L\u00f6sungen. Nehmen Sie mit uns Kontakt auf und lassen sich kostenlos beraten.<\/p>\t\t\t\t\t\t\t\t<\/div>\n\t\t\t\t<\/div>\n\t\t\t\t\t<\/div>\n\t\t\t\t<\/div>\n\t\t\t\t<\/div>\n\t\t","protected":false},"excerpt":{"rendered":"<p>Wald- und Forstarbeiten Wir bewirtschaften Ihren Wald! Waldbesitzer sind nach den Bundes- und Landeswaldgesetzen dazu verpflichtet, Ihre W\u00e4lder \u201eordnungsgem\u00e4\u00df und nachhaltig\u201c (\u00a710 Bundeswaldgesetz) zu bewirtschaften. Wir sorgen mit Ihnen nicht nur f\u00fcr die Funktion Ihres Waldes als Rohstoffquelle, sondern schaffen auch die Grundlage f\u00fcr den Arten-, Boden-, Klima-, und Wasserschutz sowie f\u00fcr Freizeit und Erholung. [&hellip;]<\/p>\n","protected":false},"author":1,"featured_media":0,"parent":0,"menu_order":0,"comment_status":"closed","ping_status":"closed","template":"","meta":{"ocean_post_layout":"full-screen","ocean_both_sidebars_style":"","ocean_both_sidebars_content_width":0,"ocean_both_sidebars_sidebars_width":0,"ocean_sidebar":"","ocean_second_sidebar":"","ocean_disable_margins":"enable","ocean_add_body_class":"","ocean_shortcode_before_top_bar":"","ocean_shortcode_after_top_bar":"","ocean_shortcode_before_header":"","ocean_shortcode_after_header":"","ocean_has_shortcode":"","ocean_shortcode_after_title":"","ocean_shortcode_before_footer_widgets":"","ocean_shortcode_after_footer_widgets":"","ocean_shortcode_before_footer_bottom":"","ocean_shortcode_after_footer_bottom":"","ocean_display_top_bar":"off","ocean_display_header":"default","ocean_header_style":"","ocean_center_header_left_menu":"","ocean_custom_header_template":"","ocean_custom_logo":0,"ocean_custom_retina_logo":0,"ocean_custom_logo_max_width":0,"ocean_custom_logo_tablet_max_width":0,"ocean_custom_logo_mobile_max_width":0,"ocean_custom_logo_max_height":0,"ocean_custom_logo_tablet_max_height":0,"ocean_custom_logo_mobile_max_height":0,"ocean_header_custom_menu":"","ocean_menu_typo_font_family":"","ocean_menu_typo_font_subset":"","ocean_menu_typo_font_size":0,"ocean_menu_typo_font_size_tablet":0,"ocean_menu_typo_font_size_mobile":0,"ocean_menu_typo_font_size_unit":"px","ocean_menu_typo_font_weight":"","ocean_menu_typo_font_weight_tablet":"","ocean_menu_typo_font_weight_mobile":"","ocean_menu_typo_transform":"","ocean_menu_typo_transform_tablet":"","ocean_menu_typo_transform_mobile":"","ocean_menu_typo_line_height":0,"ocean_menu_typo_line_height_tablet":0,"ocean_menu_typo_line_height_mobile":0,"ocean_menu_typo_line_height_unit":"","ocean_menu_typo_spacing":0,"ocean_menu_typo_spacing_tablet":0,"ocean_menu_typo_spacing_mobile":0,"ocean_menu_typo_spacing_unit":"","ocean_menu_link_color":"","ocean_menu_link_color_hover":"","ocean_menu_link_color_active":"","ocean_menu_link_background":"","ocean_menu_link_hover_background":"","ocean_menu_link_active_background":"","ocean_menu_social_links_bg":"","ocean_menu_social_hover_links_bg":"","ocean_menu_social_links_color":"","ocean_menu_social_hover_links_color":"","ocean_disable_title":"on","ocean_disable_heading":"default","ocean_post_title":"","ocean_post_subheading":"","ocean_post_title_style":"","ocean_post_title_background_color":"","ocean_post_title_background":0,"ocean_post_title_bg_image_position":"","ocean_post_title_bg_image_attachment":"","ocean_post_title_bg_image_repeat":"","ocean_post_title_bg_image_size":"","ocean_post_title_height":0,"ocean_post_title_bg_overlay":0.5,"ocean_post_title_bg_overlay_color":"","ocean_disable_breadcrumbs":"default","ocean_breadcrumbs_color":"","ocean_breadcrumbs_separator_color":"","ocean_breadcrumbs_links_color":"","ocean_breadcrumbs_links_hover_color":"","ocean_display_footer_widgets":"default","ocean_display_footer_bottom":"default","ocean_custom_footer_template":"","footnotes":""},"class_list":["post-134","page","type-page","status-publish","hentry","entry"],"rttpg_featured_image_url":null,"rttpg_author":{"display_name":"mdalnevo_3aqlfglx","author_link":"https:\/\/staging.gartenbau-dorsten.de\/?author=1"},"rttpg_comment":0,"rttpg_category":null,"rttpg_excerpt":"Wald- und Forstarbeiten Wir bewirtschaften Ihren Wald! Waldbesitzer sind nach den Bundes- und Landeswaldgesetzen dazu verpflichtet, Ihre W\u00e4lder \u201eordnungsgem\u00e4\u00df und nachhaltig\u201c (\u00a710 Bundeswaldgesetz) zu bewirtschaften. Wir sorgen mit Ihnen nicht nur f\u00fcr die Funktion Ihres Waldes als Rohstoffquelle, sondern schaffen auch die Grundlage f\u00fcr den Arten-, Boden-, Klima-, und Wasserschutz sowie f\u00fcr Freizeit und Erholung.&hellip;","_links":{"self":[{"href":"https:\/\/staging.gartenbau-dorsten.de\/index.php?rest_route=\/wp\/v2\/pages\/134","targetHints":{"allow":["GET"]}}],"collection":[{"href":"https:\/\/staging.gartenbau-dorsten.de\/index.php?rest_route=\/wp\/v2\/pages"}],"about":[{"href":"https:\/\/staging.gartenbau-dorsten.de\/index.php?rest_route=\/wp\/v2\/types\/page"}],"author":[{"embeddable":true,"href":"https:\/\/staging.gartenbau-dorsten.de\/index.php?rest_route=\/wp\/v2\/users\/1"}],"replies":[{"embeddable":true,"href":"https:\/\/staging.gartenbau-dorsten.de\/index.php?rest_route=%2Fwp%2Fv2%2Fcomments&post=134"}],"version-history":[{"count":10,"href":"https:\/\/staging.gartenbau-dorsten.de\/index.php?rest_route=\/wp\/v2\/pages\/134\/revisions"}],"predecessor-version":[{"id":362,"href":"https:\/\/staging.gartenbau-dorsten.de\/index.php?rest_route=\/wp\/v2\/pages\/134\/revisions\/362"}],"wp:attachment":[{"href":"https:\/\/staging.gartenbau-dorsten.de\/index.php?rest_route=%2Fwp%2Fv2%2Fmedia&parent=134"}],"curies":[{"name":"wp","href":"https:\/\/api.w.org\/{rel}","templated":true}]}}